{"id":169,"date":"2026-03-27T08:35:24","date_gmt":"2026-03-27T08:35:24","guid":{"rendered":"https:\/\/www.lumelaid.eu\/?page_id=169"},"modified":"2026-04-01T09:45:17","modified_gmt":"2026-04-01T09:45:17","slug":"suhkrupilt","status":"publish","type":"page","link":"https:\/\/lumelaid.eu\/en\/suhkrupilt\/","title":{"rendered":"Sinu tordi kroonjuveel: Suhkrupilt!"},"content":{"rendered":"<p><\/p>\n\n\n\n<p>Lumelaid toob disaini ka peolauale. Pakume kvaliteetset <strong>suhkrupildi tr\u00fckki<\/strong>, mis on t\u00e4iuslik viimistlus igale tordile. Vali personaalne kujundus ja lisa oma s\u00fcndmusele killuke maagiat.<br>Kasutame ainult kvaliteetset, E171-vaba paksemat suhkrupaberit, mis ei rebene ega kuma tordil l\u00e4bi!<\/p>\n\n\n\n<p>NB: Suhkrupaberi tellimisel v\u00e4iketegijatelt veendu, et see vastab EU n\u00f5uetele! <\/p>\n\n\n\n<p>Saatmine pakiautomaatidesse \u00fcle Eesti!<\/p>\n\n\n\n<div class=\"wp-block-buttons is-layout-flex wp-block-buttons-is-layout-flex\">\n<div class=\"wp-block-button\"><a class=\"wp-block-button__link wp-element-button\" href=\"https:\/\/www.instagram.com\/kodupagar\/\">Vaata pilte minu KoduPagari lehelt!<\/a><\/div>\n<\/div>\n\n\n\n<figure class=\"wp-block-gallery has-nested-images columns-default is-cropped wp-block-gallery-1 is-layout-flex wp-block-gallery-is-layout-flex\">\n<figure class=\"wp-block-image size-large is-style-rounded\"><img loading=\"lazy\" decoding=\"async\" width=\"989\" height=\"940\" data-id=\"258\" src=\"https:\/\/www.lumelaid.eu\/wp-content\/uploads\/2026\/03\/8fb6dcb7-f431-48a4-a0b1-056e3a59cd1d.jpg\" alt=\"\" class=\"wp-image-258\" srcset=\"https:\/\/www.lumelaid.eu\/wp-content\/uploads\/2026\/03\/8fb6dcb7-f431-48a4-a0b1-056e3a59cd1d.jpg 989w, https:\/\/www.lumelaid.eu\/wp-content\/uploads\/2026\/03\/8fb6dcb7-f431-48a4-a0b1-056e3a59cd1d-300x285.jpg 300w, https:\/\/www.lumelaid.eu\/wp-content\/uploads\/2026\/03\/8fb6dcb7-f431-48a4-a0b1-056e3a59cd1d-768x730.jpg 768w, https:\/\/www.lumelaid.eu\/wp-content\/uploads\/2026\/03\/8fb6dcb7-f431-48a4-a0b1-056e3a59cd1d-13x12.jpg 13w\" sizes=\"auto, (max-width: 989px) 100vw, 989px\" \/><\/figure>\n<\/figure>","protected":false},"excerpt":{"rendered":"<p>Lumelaid toob disaini ka peolauale. Pakume kvaliteetset suhkrupildi tr\u00fckki, mis on t\u00e4iuslik viimistlus igale tordile. Vali personaalne kujundus ja lisa oma s\u00fcndmusele killuke maagiat.Kasutame ainult kvaliteetset, E171-vaba paksemat suhkrupaberit, mis ei rebene ega kuma tordil l\u00e4bi! NB: Suhkrupaberi tellimisel v\u00e4iketegijatelt veendu, et see vastab EU n\u00f5uetele! Saatmine pakiautomaatidesse \u00fcle Eesti!<\/p>","protected":false},"author":1,"featured_media":0,"parent":0,"menu_order":0,"comment_status":"closed","ping_status":"closed","template":"page-with-title","meta":{"_monsterinsights_skip_tracking":false,"_monsterinsights_sitenote_active":false,"_monsterinsights_sitenote_note":"","_monsterinsights_sitenote_category":0,"footnotes":""},"class_list":["post-169","page","type-page","status-publish","hentry"],"aioseo_notices":[],"_links":{"self":[{"href":"https:\/\/lumelaid.eu\/en\/wp-json\/wp\/v2\/pages\/169","targetHints":{"allow":["GET"]}}],"collection":[{"href":"https:\/\/lumelaid.eu\/en\/wp-json\/wp\/v2\/pages"}],"about":[{"href":"https:\/\/lumelaid.eu\/en\/wp-json\/wp\/v2\/types\/page"}],"author":[{"embeddable":true,"href":"https:\/\/lumelaid.eu\/en\/wp-json\/wp\/v2\/users\/1"}],"replies":[{"embeddable":true,"href":"https:\/\/lumelaid.eu\/en\/wp-json\/wp\/v2\/comments?post=169"}],"version-history":[{"count":4,"href":"https:\/\/lumelaid.eu\/en\/wp-json\/wp\/v2\/pages\/169\/revisions"}],"predecessor-version":[{"id":292,"href":"https:\/\/lumelaid.eu\/en\/wp-json\/wp\/v2\/pages\/169\/revisions\/292"}],"wp:attachment":[{"href":"https:\/\/lumelaid.eu\/en\/wp-json\/wp\/v2\/media?parent=169"}],"curies":[{"name":"wp","href":"https:\/\/api.w.org\/{rel}","templated":true}]}}